{"id":244,"date":"2020-05-25T13:35:49","date_gmt":"2020-05-25T11:35:49","guid":{"rendered":"http:\/\/wp.usedliaka.sk\/?page_id=244"},"modified":"2022-09-18T18:57:53","modified_gmt":"2022-09-18T16:57:53","slug":"denne-menu-jedalny-listok","status":"publish","type":"page","link":"https:\/\/usedliaka.sk\/en\/menus\/","title":{"rendered":"Denn\u00e9 menu &#038; Jed\u00e1lny l\u00edstok"},"content":{"rendered":"<div id=\"daily-menu-c\">\r\n\t\t<h1><span>Lunch menu from<\/span> 27. - 01. 05<\/h1>\r\n\r\n\t\t<div id=\"daily-menu-nav\">\r\n\t\t\t<ul><li class=\"active\" data-day=\"0\"><div>Mon<\/div><\/li><li data-day=\"1\"><div>Tue<\/div><\/li><li data-day=\"2\"><div>Wed<\/div><\/li><li data-day=\"3\"><div>Thu<\/div><\/li><li data-day=\"4\"><div>Fri<\/div><\/li>\t\t\t<\/ul>\r\n\t\t<\/div>\r\n\t\t<div id=\"daily-menu-meals\">\r\n\t\t\t<div class=\"dm-general-desc\">\r\n\t\t\t\t<p>Zmena jed\u00e1lneho l\u00edstku vyhraden\u00e1. Gram\u00e1\u017e m\u00e4sa je uveden\u00e1 v surovom stave. Gram\u00e1\u017e pr\u00edlohy je uveden\u00e1 v hotovom stave.<\/p>\n\t\t\t<\/div>\r\n\t\t\t\r\n\t\t\t<div class=\"daily-menu-day day-0 active\">\r\n\t\t\t\t<div class=\"dm-desc\">Closed<\/div>\t\t\t<\/div>\r\n\t\t\t\r\n\t\t\t<div class=\"daily-menu-day day-1\">\r\n\t\t\t\t<div class=\"dm-desc\">Closed<\/div>\t\t\t<\/div>\r\n\t\t\t\r\n\t\t\t<div class=\"daily-menu-day day-2\">\r\n\t\t\t\t<div class=\"dm-desc\">Closed<\/div>\t\t\t<\/div>\r\n\t\t\t\r\n\t\t\t<div class=\"daily-menu-day day-3\">\r\n\t\t\t\t<div class=\"dm-desc\">Closed<\/div>\t\t\t<\/div>\r\n\t\t\t\r\n\t\t\t<div class=\"daily-menu-day day-4\">\r\n\t\t\t\t<div class=\"dm-desc\">Closed<\/div>\t\t\t<\/div>\r\n\t\t\t\t\t<\/div>\r\n\t<\/div>\r\n\r\n\t\t\t<div id=\"restaurant-menu-c\">\r\n\t\t\t<h1>Food & beverages menu<\/h1>\r\n\t\t\t<iframe src=\"https:\/\/drive.google.com\/file\/d\/1xeDXJr6ElAlABl7KNVFgu15EgvzTJEMa\/preview\" height=\"600\"><\/iframe>\r\n\t\t<\/div>","protected":false},"excerpt":{"rendered":"","protected":false},"author":1,"featured_media":0,"parent":0,"menu_order":0,"comment_status":"closed","ping_status":"closed","template":"","meta":{"footnotes":""},"class_list":["post-244","page","type-page","status-publish","hentry"],"yoast_head":"<!-- This site is optimized with the Yoast SEO plugin v27.4 - https:\/\/yoast.com\/product\/yoast-seo-wordpress\/ -->\n<title>Viecha u Sedliaka - Denn\u00e9 menu &amp; Jed\u00e1lny l\u00edstok<\/title>\n<meta name=\"description\" content=\"Pr\u00edd\u0165e si vychutna\u0165 tradi\u010dn\u00e9 slovensk\u00e9 jedl\u00e1 a v\u00edna, alebo si vyberte obedov\u00e9 menu z dennej ponuky. Vyu\u017ei\u0165 m\u00f4\u017eete aj n\u00e1\u0161 rozvoz.\" \/>\n<meta name=\"robots\" content=\"index, follow, max-snippet:-1, max-image-preview:large, max-video-preview:-1\" \/>\n<link rel=\"canonical\" href=\"https:\/\/usedliaka.sk\/en\/denne-menu-jedalny-listok\/\" \/>\n<meta property=\"og:locale\" content=\"en_GB\" \/>\n<meta property=\"og:type\" content=\"article\" \/>\n<meta property=\"og:title\" content=\"Viecha u Sedliaka - Denn\u00e9 menu &amp; Jed\u00e1lny l\u00edstok\" \/>\n<meta property=\"og:description\" content=\"Pr\u00edd\u0165e si vychutna\u0165 tradi\u010dn\u00e9 slovensk\u00e9 jedl\u00e1 a v\u00edna, alebo si vyberte obedov\u00e9 menu z dennej ponuky. Vyu\u017ei\u0165 m\u00f4\u017eete aj n\u00e1\u0161 rozvoz.\" \/>\n<meta property=\"og:url\" content=\"https:\/\/usedliaka.sk\/en\/denne-menu-jedalny-listok\/\" \/>\n<meta property=\"og:site_name\" content=\"Viecha u Sedliaka\" \/>\n<meta property=\"article:publisher\" content=\"https:\/\/www.facebook.com\/ViechauSedliaka\/\" \/>\n<meta property=\"article:modified_time\" content=\"2022-09-18T16:57:53+00:00\" \/>\n<meta name=\"twitter:card\" content=\"summary_large_image\" \/>\n<script type=\"application\/ld+json\" class=\"yoast-schema-graph\">{\"@context\":\"https:\\\/\\\/schema.org\",\"@graph\":[{\"@type\":\"WebPage\",\"@id\":\"https:\\\/\\\/usedliaka.sk\\\/denne-menu-jedalny-listok\\\/\",\"url\":\"https:\\\/\\\/usedliaka.sk\\\/denne-menu-jedalny-listok\\\/\",\"name\":\"Viecha u Sedliaka - Denn\u00e9 menu & Jed\u00e1lny l\u00edstok\",\"isPartOf\":{\"@id\":\"https:\\\/\\\/usedliaka.sk\\\/#website\"},\"datePublished\":\"2020-05-25T11:35:49+00:00\",\"dateModified\":\"2022-09-18T16:57:53+00:00\",\"description\":\"Pr\u00edd\u0165e si vychutna\u0165 tradi\u010dn\u00e9 slovensk\u00e9 jedl\u00e1 a v\u00edna, alebo si vyberte obedov\u00e9 menu z dennej ponuky. Vyu\u017ei\u0165 m\u00f4\u017eete aj n\u00e1\u0161 rozvoz.\",\"breadcrumb\":{\"@id\":\"https:\\\/\\\/usedliaka.sk\\\/denne-menu-jedalny-listok\\\/#breadcrumb\"},\"inLanguage\":\"en-GB\",\"potentialAction\":[{\"@type\":\"ReadAction\",\"target\":[\"https:\\\/\\\/usedliaka.sk\\\/denne-menu-jedalny-listok\\\/\"]}]},{\"@type\":\"BreadcrumbList\",\"@id\":\"https:\\\/\\\/usedliaka.sk\\\/denne-menu-jedalny-listok\\\/#breadcrumb\",\"itemListElement\":[{\"@type\":\"ListItem\",\"position\":1,\"name\":\"Home\",\"item\":\"https:\\\/\\\/usedliaka.sk\\\/\"},{\"@type\":\"ListItem\",\"position\":2,\"name\":\"Denn\u00e9 menu &#038; Jed\u00e1lny l\u00edstok\"}]},{\"@type\":\"WebSite\",\"@id\":\"https:\\\/\\\/usedliaka.sk\\\/#website\",\"url\":\"https:\\\/\\\/usedliaka.sk\\\/\",\"name\":\"Viecha u Sedliaka\",\"description\":\"\",\"publisher\":{\"@id\":\"https:\\\/\\\/usedliaka.sk\\\/#organization\"},\"potentialAction\":[{\"@type\":\"SearchAction\",\"target\":{\"@type\":\"EntryPoint\",\"urlTemplate\":\"https:\\\/\\\/usedliaka.sk\\\/?s={search_term_string}\"},\"query-input\":{\"@type\":\"PropertyValueSpecification\",\"valueRequired\":true,\"valueName\":\"search_term_string\"}}],\"inLanguage\":\"en-GB\"},{\"@type\":\"Organization\",\"@id\":\"https:\\\/\\\/usedliaka.sk\\\/#organization\",\"name\":\"U Sedliaka\",\"url\":\"https:\\\/\\\/usedliaka.sk\\\/\",\"logo\":{\"@type\":\"ImageObject\",\"inLanguage\":\"en-GB\",\"@id\":\"https:\\\/\\\/usedliaka.sk\\\/#\\\/schema\\\/logo\\\/image\\\/\",\"url\":\"https:\\\/\\\/usedliaka.sk\\\/wp-content\\\/uploads\\\/2020\\\/04\\\/cropped-10_cmVzdGF1cmFudF9sb2dvLTA1-1.jpg\",\"contentUrl\":\"https:\\\/\\\/usedliaka.sk\\\/wp-content\\\/uploads\\\/2020\\\/04\\\/cropped-10_cmVzdGF1cmFudF9sb2dvLTA1-1.jpg\",\"width\":1753,\"height\":1752,\"caption\":\"U Sedliaka\"},\"image\":{\"@id\":\"https:\\\/\\\/usedliaka.sk\\\/#\\\/schema\\\/logo\\\/image\\\/\"},\"sameAs\":[\"https:\\\/\\\/www.facebook.com\\\/ViechauSedliaka\\\/\"]}]}<\/script>\n<!-- \/ Yoast SEO plugin. -->","yoast_head_json":{"title":"Viecha u Sedliaka - Denn\u00e9 menu & Jed\u00e1lny l\u00edstok","description":"Pr\u00edd\u0165e si vychutna\u0165 tradi\u010dn\u00e9 slovensk\u00e9 jedl\u00e1 a v\u00edna, alebo si vyberte obedov\u00e9 menu z dennej ponuky. Vyu\u017ei\u0165 m\u00f4\u017eete aj n\u00e1\u0161 rozvoz.","robots":{"index":"index","follow":"follow","max-snippet":"max-snippet:-1","max-image-preview":"max-image-preview:large","max-video-preview":"max-video-preview:-1"},"canonical":"https:\/\/usedliaka.sk\/en\/denne-menu-jedalny-listok\/","og_locale":"en_GB","og_type":"article","og_title":"Viecha u Sedliaka - Denn\u00e9 menu & Jed\u00e1lny l\u00edstok","og_description":"Pr\u00edd\u0165e si vychutna\u0165 tradi\u010dn\u00e9 slovensk\u00e9 jedl\u00e1 a v\u00edna, alebo si vyberte obedov\u00e9 menu z dennej ponuky. Vyu\u017ei\u0165 m\u00f4\u017eete aj n\u00e1\u0161 rozvoz.","og_url":"https:\/\/usedliaka.sk\/en\/denne-menu-jedalny-listok\/","og_site_name":"Viecha u Sedliaka","article_publisher":"https:\/\/www.facebook.com\/ViechauSedliaka\/","article_modified_time":"2022-09-18T16:57:53+00:00","twitter_card":"summary_large_image","schema":{"@context":"https:\/\/schema.org","@graph":[{"@type":"WebPage","@id":"https:\/\/usedliaka.sk\/denne-menu-jedalny-listok\/","url":"https:\/\/usedliaka.sk\/denne-menu-jedalny-listok\/","name":"Viecha u Sedliaka - Denn\u00e9 menu & Jed\u00e1lny l\u00edstok","isPartOf":{"@id":"https:\/\/usedliaka.sk\/#website"},"datePublished":"2020-05-25T11:35:49+00:00","dateModified":"2022-09-18T16:57:53+00:00","description":"Pr\u00edd\u0165e si vychutna\u0165 tradi\u010dn\u00e9 slovensk\u00e9 jedl\u00e1 a v\u00edna, alebo si vyberte obedov\u00e9 menu z dennej ponuky. Vyu\u017ei\u0165 m\u00f4\u017eete aj n\u00e1\u0161 rozvoz.","breadcrumb":{"@id":"https:\/\/usedliaka.sk\/denne-menu-jedalny-listok\/#breadcrumb"},"inLanguage":"en-GB","potentialAction":[{"@type":"ReadAction","target":["https:\/\/usedliaka.sk\/denne-menu-jedalny-listok\/"]}]},{"@type":"BreadcrumbList","@id":"https:\/\/usedliaka.sk\/denne-menu-jedalny-listok\/#breadcrumb","itemListElement":[{"@type":"ListItem","position":1,"name":"Home","item":"https:\/\/usedliaka.sk\/"},{"@type":"ListItem","position":2,"name":"Denn\u00e9 menu &#038; Jed\u00e1lny l\u00edstok"}]},{"@type":"WebSite","@id":"https:\/\/usedliaka.sk\/#website","url":"https:\/\/usedliaka.sk\/","name":"Viecha u Sedliaka","description":"","publisher":{"@id":"https:\/\/usedliaka.sk\/#organization"},"potentialAction":[{"@type":"SearchAction","target":{"@type":"EntryPoint","urlTemplate":"https:\/\/usedliaka.sk\/?s={search_term_string}"},"query-input":{"@type":"PropertyValueSpecification","valueRequired":true,"valueName":"search_term_string"}}],"inLanguage":"en-GB"},{"@type":"Organization","@id":"https:\/\/usedliaka.sk\/#organization","name":"U Sedliaka","url":"https:\/\/usedliaka.sk\/","logo":{"@type":"ImageObject","inLanguage":"en-GB","@id":"https:\/\/usedliaka.sk\/#\/schema\/logo\/image\/","url":"https:\/\/usedliaka.sk\/wp-content\/uploads\/2020\/04\/cropped-10_cmVzdGF1cmFudF9sb2dvLTA1-1.jpg","contentUrl":"https:\/\/usedliaka.sk\/wp-content\/uploads\/2020\/04\/cropped-10_cmVzdGF1cmFudF9sb2dvLTA1-1.jpg","width":1753,"height":1752,"caption":"U Sedliaka"},"image":{"@id":"https:\/\/usedliaka.sk\/#\/schema\/logo\/image\/"},"sameAs":["https:\/\/www.facebook.com\/ViechauSedliaka\/"]}]}},"_links":{"self":[{"href":"https:\/\/usedliaka.sk\/en\/wp-json\/wp\/v2\/pages\/244","targetHints":{"allow":["GET"]}}],"collection":[{"href":"https:\/\/usedliaka.sk\/en\/wp-json\/wp\/v2\/pages"}],"about":[{"href":"https:\/\/usedliaka.sk\/en\/wp-json\/wp\/v2\/types\/page"}],"author":[{"embeddable":true,"href":"https:\/\/usedliaka.sk\/en\/wp-json\/wp\/v2\/users\/1"}],"replies":[{"embeddable":true,"href":"https:\/\/usedliaka.sk\/en\/wp-json\/wp\/v2\/comments?post=244"}],"version-history":[{"count":5,"href":"https:\/\/usedliaka.sk\/en\/wp-json\/wp\/v2\/pages\/244\/revisions"}],"predecessor-version":[{"id":716,"href":"https:\/\/usedliaka.sk\/en\/wp-json\/wp\/v2\/pages\/244\/revisions\/716"}],"wp:attachment":[{"href":"https:\/\/usedliaka.sk\/en\/wp-json\/wp\/v2\/media?parent=244"}],"curies":[{"name":"wp","href":"https:\/\/api.w.org\/{rel}","templated":true}]}}