{"id":32,"date":"2020-04-18T20:42:26","date_gmt":"2020-04-18T18:42:26","guid":{"rendered":"http:\/\/localhost\/?page_id=32"},"modified":"2020-09-06T22:04:03","modified_gmt":"2020-09-06T20:04:03","slug":"viecha-u-sedliaka","status":"publish","type":"page","link":"https:\/\/usedliaka.sk\/en\/","title":{"rendered":"Viecha u Sedliaka"},"content":{"rendered":"<div id=\"homepage-banner\" class=\"clearfix\">\n\t\t<div class=\"banner-text\">\n\t\t\t<h3>Viecha u Sedliaka<\/h3>\n\t\t\t<p>Enjoy traditional Slovak dishes from the kitchen of Bratislava's oldest ale-house. We will love to serve you our homemade lokshe, bryndza dumplings and other tasty meals or deliver them to you address.<\/p>\t\t<\/div>\n\t\t<div class=\"banner-image\">\n\t\t\t<img loading=\"lazy\" decoding=\"async\" width=\"1470\" height=\"932\" src=\"https:\/\/usedliaka.sk\/wp-content\/uploads\/2020\/05\/sedliakm.jpg\" class=\"attachment-full size-full\" alt=\"\" srcset=\"https:\/\/usedliaka.sk\/wp-content\/uploads\/2020\/05\/sedliakm.jpg 1470w, https:\/\/usedliaka.sk\/wp-content\/uploads\/2020\/05\/sedliakm-300x190.jpg 300w, https:\/\/usedliaka.sk\/wp-content\/uploads\/2020\/05\/sedliakm-1024x649.jpg 1024w, https:\/\/usedliaka.sk\/wp-content\/uploads\/2020\/05\/sedliakm-768x487.jpg 768w\" sizes=\"auto, (max-width: 1470px) 100vw, 1470px\" \/>\t\t<\/div>\n\t<\/div>","protected":false},"excerpt":{"rendered":"","protected":false},"author":1,"featured_media":0,"parent":0,"menu_order":0,"comment_status":"closed","ping_status":"closed","template":"","meta":{"footnotes":""},"class_list":["post-32","page","type-page","status-publish","hentry"],"yoast_head":"<!-- This site is optimized with the Yoast SEO plugin v27.5 - https:\/\/yoast.com\/product\/yoast-seo-wordpress\/ -->\n<title>Viecha u Sedliaka - Tradi\u010dn\u00e1 slovensk\u00e1 re\u0161taur\u00e1cia<\/title>\n<meta name=\"description\" content=\"Vychutnajte si tradi\u010dn\u00e9 slovensk\u00e9 jedl\u00e1 a v\u00edna z kuchyne najstar\u0161ej bratislavskej viechy. Vyu\u017ei\u0165 m\u00f4\u017eete aj na\u0161u don\u00e1\u0161kov\u00fa slu\u017ebu za skvel\u00e9 ceny.\" \/>\n<meta name=\"robots\" content=\"index, follow, max-snippet:-1, max-image-preview:large, max-video-preview:-1\" \/>\n<link rel=\"canonical\" href=\"https:\/\/usedliaka.sk\/en\/\" \/>\n<meta property=\"og:locale\" content=\"en_GB\" \/>\n<meta property=\"og:type\" content=\"article\" \/>\n<meta property=\"og:title\" content=\"Viecha u Sedliaka - Tradi\u010dn\u00e1 slovensk\u00e1 re\u0161taur\u00e1cia\" \/>\n<meta property=\"og:description\" content=\"Vychutnajte si tradi\u010dn\u00e9 slovensk\u00e9 jedl\u00e1 a v\u00edna z kuchyne najstar\u0161ej bratislavskej viechy. Vyu\u017ei\u0165 m\u00f4\u017eete aj na\u0161u don\u00e1\u0161kov\u00fa slu\u017ebu za skvel\u00e9 ceny.\" \/>\n<meta property=\"og:url\" content=\"https:\/\/usedliaka.sk\/en\/\" \/>\n<meta property=\"og:site_name\" content=\"Viecha u Sedliaka\" \/>\n<meta property=\"article:publisher\" content=\"https:\/\/www.facebook.com\/ViechauSedliaka\/\" \/>\n<meta property=\"article:modified_time\" content=\"2020-09-06T20:04:03+00:00\" \/>\n<meta name=\"twitter:card\" content=\"summary_large_image\" \/>\n<script type=\"application\/ld+json\" class=\"yoast-schema-graph\">{\"@context\":\"https:\\\/\\\/schema.org\",\"@graph\":[{\"@type\":\"WebPage\",\"@id\":\"https:\\\/\\\/usedliaka.sk\\\/\",\"url\":\"https:\\\/\\\/usedliaka.sk\\\/\",\"name\":\"Viecha u Sedliaka - Tradi\u010dn\u00e1 slovensk\u00e1 re\u0161taur\u00e1cia\",\"isPartOf\":{\"@id\":\"https:\\\/\\\/usedliaka.sk\\\/#website\"},\"datePublished\":\"2020-04-18T18:42:26+00:00\",\"dateModified\":\"2020-09-06T20:04:03+00:00\",\"description\":\"Vychutnajte si tradi\u010dn\u00e9 slovensk\u00e9 jedl\u00e1 a v\u00edna z kuchyne najstar\u0161ej bratislavskej viechy. Vyu\u017ei\u0165 m\u00f4\u017eete aj na\u0161u don\u00e1\u0161kov\u00fa slu\u017ebu za skvel\u00e9 ceny.\",\"breadcrumb\":{\"@id\":\"https:\\\/\\\/usedliaka.sk\\\/#breadcrumb\"},\"inLanguage\":\"en-GB\",\"potentialAction\":[{\"@type\":\"ReadAction\",\"target\":[\"https:\\\/\\\/usedliaka.sk\\\/\"]}]},{\"@type\":\"BreadcrumbList\",\"@id\":\"https:\\\/\\\/usedliaka.sk\\\/#breadcrumb\",\"itemListElement\":[{\"@type\":\"ListItem\",\"position\":1,\"name\":\"Home\",\"item\":\"https:\\\/\\\/usedliaka.sk\\\/\"},{\"@type\":\"ListItem\",\"position\":2,\"name\":\"Viecha u Sedliaka\"}]},{\"@type\":\"WebSite\",\"@id\":\"https:\\\/\\\/usedliaka.sk\\\/#website\",\"url\":\"https:\\\/\\\/usedliaka.sk\\\/\",\"name\":\"Viecha u Sedliaka\",\"description\":\"\",\"publisher\":{\"@id\":\"https:\\\/\\\/usedliaka.sk\\\/#organization\"},\"potentialAction\":[{\"@type\":\"SearchAction\",\"target\":{\"@type\":\"EntryPoint\",\"urlTemplate\":\"https:\\\/\\\/usedliaka.sk\\\/?s={search_term_string}\"},\"query-input\":{\"@type\":\"PropertyValueSpecification\",\"valueRequired\":true,\"valueName\":\"search_term_string\"}}],\"inLanguage\":\"en-GB\"},{\"@type\":\"Organization\",\"@id\":\"https:\\\/\\\/usedliaka.sk\\\/#organization\",\"name\":\"U Sedliaka\",\"url\":\"https:\\\/\\\/usedliaka.sk\\\/\",\"logo\":{\"@type\":\"ImageObject\",\"inLanguage\":\"en-GB\",\"@id\":\"https:\\\/\\\/usedliaka.sk\\\/#\\\/schema\\\/logo\\\/image\\\/\",\"url\":\"https:\\\/\\\/usedliaka.sk\\\/wp-content\\\/uploads\\\/2020\\\/04\\\/cropped-10_cmVzdGF1cmFudF9sb2dvLTA1-1.jpg\",\"contentUrl\":\"https:\\\/\\\/usedliaka.sk\\\/wp-content\\\/uploads\\\/2020\\\/04\\\/cropped-10_cmVzdGF1cmFudF9sb2dvLTA1-1.jpg\",\"width\":1753,\"height\":1752,\"caption\":\"U Sedliaka\"},\"image\":{\"@id\":\"https:\\\/\\\/usedliaka.sk\\\/#\\\/schema\\\/logo\\\/image\\\/\"},\"sameAs\":[\"https:\\\/\\\/www.facebook.com\\\/ViechauSedliaka\\\/\"]}]}<\/script>\n<!-- \/ Yoast SEO plugin. -->","yoast_head_json":{"title":"Viecha u Sedliaka - Tradi\u010dn\u00e1 slovensk\u00e1 re\u0161taur\u00e1cia","description":"Vychutnajte si tradi\u010dn\u00e9 slovensk\u00e9 jedl\u00e1 a v\u00edna z kuchyne najstar\u0161ej bratislavskej viechy. Vyu\u017ei\u0165 m\u00f4\u017eete aj na\u0161u don\u00e1\u0161kov\u00fa slu\u017ebu za skvel\u00e9 ceny.","robots":{"index":"index","follow":"follow","max-snippet":"max-snippet:-1","max-image-preview":"max-image-preview:large","max-video-preview":"max-video-preview:-1"},"canonical":"https:\/\/usedliaka.sk\/en\/","og_locale":"en_GB","og_type":"article","og_title":"Viecha u Sedliaka - Tradi\u010dn\u00e1 slovensk\u00e1 re\u0161taur\u00e1cia","og_description":"Vychutnajte si tradi\u010dn\u00e9 slovensk\u00e9 jedl\u00e1 a v\u00edna z kuchyne najstar\u0161ej bratislavskej viechy. Vyu\u017ei\u0165 m\u00f4\u017eete aj na\u0161u don\u00e1\u0161kov\u00fa slu\u017ebu za skvel\u00e9 ceny.","og_url":"https:\/\/usedliaka.sk\/en\/","og_site_name":"Viecha u Sedliaka","article_publisher":"https:\/\/www.facebook.com\/ViechauSedliaka\/","article_modified_time":"2020-09-06T20:04:03+00:00","twitter_card":"summary_large_image","schema":{"@context":"https:\/\/schema.org","@graph":[{"@type":"WebPage","@id":"https:\/\/usedliaka.sk\/","url":"https:\/\/usedliaka.sk\/","name":"Viecha u Sedliaka - Tradi\u010dn\u00e1 slovensk\u00e1 re\u0161taur\u00e1cia","isPartOf":{"@id":"https:\/\/usedliaka.sk\/#website"},"datePublished":"2020-04-18T18:42:26+00:00","dateModified":"2020-09-06T20:04:03+00:00","description":"Vychutnajte si tradi\u010dn\u00e9 slovensk\u00e9 jedl\u00e1 a v\u00edna z kuchyne najstar\u0161ej bratislavskej viechy. Vyu\u017ei\u0165 m\u00f4\u017eete aj na\u0161u don\u00e1\u0161kov\u00fa slu\u017ebu za skvel\u00e9 ceny.","breadcrumb":{"@id":"https:\/\/usedliaka.sk\/#breadcrumb"},"inLanguage":"en-GB","potentialAction":[{"@type":"ReadAction","target":["https:\/\/usedliaka.sk\/"]}]},{"@type":"BreadcrumbList","@id":"https:\/\/usedliaka.sk\/#breadcrumb","itemListElement":[{"@type":"ListItem","position":1,"name":"Home","item":"https:\/\/usedliaka.sk\/"},{"@type":"ListItem","position":2,"name":"Viecha u Sedliaka"}]},{"@type":"WebSite","@id":"https:\/\/usedliaka.sk\/#website","url":"https:\/\/usedliaka.sk\/","name":"Viecha u Sedliaka","description":"","publisher":{"@id":"https:\/\/usedliaka.sk\/#organization"},"potentialAction":[{"@type":"SearchAction","target":{"@type":"EntryPoint","urlTemplate":"https:\/\/usedliaka.sk\/?s={search_term_string}"},"query-input":{"@type":"PropertyValueSpecification","valueRequired":true,"valueName":"search_term_string"}}],"inLanguage":"en-GB"},{"@type":"Organization","@id":"https:\/\/usedliaka.sk\/#organization","name":"U Sedliaka","url":"https:\/\/usedliaka.sk\/","logo":{"@type":"ImageObject","inLanguage":"en-GB","@id":"https:\/\/usedliaka.sk\/#\/schema\/logo\/image\/","url":"https:\/\/usedliaka.sk\/wp-content\/uploads\/2020\/04\/cropped-10_cmVzdGF1cmFudF9sb2dvLTA1-1.jpg","contentUrl":"https:\/\/usedliaka.sk\/wp-content\/uploads\/2020\/04\/cropped-10_cmVzdGF1cmFudF9sb2dvLTA1-1.jpg","width":1753,"height":1752,"caption":"U Sedliaka"},"image":{"@id":"https:\/\/usedliaka.sk\/#\/schema\/logo\/image\/"},"sameAs":["https:\/\/www.facebook.com\/ViechauSedliaka\/"]}]}},"_links":{"self":[{"href":"https:\/\/usedliaka.sk\/en\/wp-json\/wp\/v2\/pages\/32","targetHints":{"allow":["GET"]}}],"collection":[{"href":"https:\/\/usedliaka.sk\/en\/wp-json\/wp\/v2\/pages"}],"about":[{"href":"https:\/\/usedliaka.sk\/en\/wp-json\/wp\/v2\/types\/page"}],"author":[{"embeddable":true,"href":"https:\/\/usedliaka.sk\/en\/wp-json\/wp\/v2\/users\/1"}],"replies":[{"embeddable":true,"href":"https:\/\/usedliaka.sk\/en\/wp-json\/wp\/v2\/comments?post=32"}],"version-history":[{"count":12,"href":"https:\/\/usedliaka.sk\/en\/wp-json\/wp\/v2\/pages\/32\/revisions"}],"predecessor-version":[{"id":730,"href":"https:\/\/usedliaka.sk\/en\/wp-json\/wp\/v2\/pages\/32\/revisions\/730"}],"wp:attachment":[{"href":"https:\/\/usedliaka.sk\/en\/wp-json\/wp\/v2\/media?parent=32"}],"curies":[{"name":"wp","href":"https:\/\/api.w.org\/{rel}","templated":true}]}}