{"id":36,"date":"2020-04-18T20:50:15","date_gmt":"2020-04-18T18:50:15","guid":{"rendered":"http:\/\/localhost\/?page_id=36"},"modified":"2020-06-09T19:20:19","modified_gmt":"2020-06-09T17:20:19","slug":"kontakt","status":"publish","type":"page","link":"https:\/\/usedliaka.sk\/en\/contact\/","title":{"rendered":"Contact"},"content":{"rendered":"<div class=\"wp-block-group contact-group-a\"><div class=\"wp-block-group__inner-container is-layout-flow wp-block-group-is-layout-flow\"><div class=\"wp-block-columns is-layout-flex wp-container-core-columns-is-layout-9d6595d7 wp-block-columns-is-layout-flex\"><div class=\"wp-block-column col-a is-layout-flow wp-block-column-is-layout-flow\"><p>In case of any questions, suggestions or comments, do not hesitate to contact us at the given telephone number or e-mail address.<\/p><\/div>\n\n<div class=\"wp-block-column col-b is-layout-flow wp-block-column-is-layout-flow\"><ul>\t\t\t\t\t\t<li><i class=\"fa fa-envelope\"><\/i> <span class=\"email\">usedliaka@gmail.com<\/span><\/li>\t\t\t\t\t\t\t<li><i class=\"fa fa-phone\"><\/i> 0915 215 855<\/li>\n\t\t\t\t\t\t\t<li><i class=\"fa fa-home\"><\/i> Obchodn\u00e1 55, Bratislava<\/li>\t\t\t\t\t\t<li>\t\t\t\t\t\t\t<a href=\"https:\/\/www.facebook.com\/ViechauSedliaka\/\" class=\"social facebook\" title=\"U sedliaka Facebooku\"><i class=\"fa fa-facebook\"><\/i> U Sedliaka<\/a>\t\t\t\t\t\t\t<\/li>\n<li>\t\t\t\t\t\t\t<i class=\"fa fa-building\"><\/i> Trade name: ZANIA.SK\t\t\t\t\t\t<\/li>\n<li>\t\t\t\t\t\t\t<i class=\"fa fa-hashtag\"><\/i> I\u010cO: 45872856\t\t\t\t\t<\/li>\t\t\t\t\t\t<\/ul>\n\n<p><\/p><\/div><\/div><\/div><\/div><iframe loading=\"lazy\" src=\"https:\/\/www.google.com\/maps\/embed?pb=!1m18!1m12!1m3!1d279.8093317323177!2d17.112660886233243!3d48.1486084827371!2m3!1f0!2f0!3f0!3m2!1i1024!2i768!4f13.1!3m3!1m2!1s0x0%3A0x6682c705936907a3!2sU%20Sedliaka!5e0!3m2!1ssk!2ssk!4v1588710196386!5m2!1ssk!2ssk\" width=\"600\" height=\"450\" frameborder=\"0\" style=\"border:0;\" allowfullscreen=\"\" aria-hidden=\"false\" tabindex=\"0\"><\/iframe><p><\/p>","protected":false},"excerpt":{"rendered":"<p>V pr\u00edpade ak\u00fdchko\u013evek ot\u00e1zok, n\u00e1metov \u010di pripomienok n\u00e1s nev\u00e1hajte kontaktova\u0165 na uvedenom telef\u00f3nnom \u010d\u00edsle alebo emailovej adrese. usedliaka@gmail.com 0915 215 855 Obchodn\u00e1 55, Bratislava U Sedliaka Obchodn\u00fd n\u00e1zov: ZANIA.SK I\u010cO: 45872856<\/p>","protected":false},"author":1,"featured_media":0,"parent":0,"menu_order":0,"comment_status":"closed","ping_status":"closed","template":"","meta":{"footnotes":""},"class_list":["post-36","page","type-page","status-publish","hentry"],"yoast_head":"<!-- This site is optimized with the Yoast SEO plugin v27.4 - https:\/\/yoast.com\/product\/yoast-seo-wordpress\/ -->\n<title>Kontakt - Viecha u Sedliaka<\/title>\n<meta name=\"robots\" content=\"index, follow, max-snippet:-1, max-image-preview:large, max-video-preview:-1\" \/>\n<link rel=\"canonical\" href=\"https:\/\/usedliaka.sk\/en\/kontakt\/\" \/>\n<meta property=\"og:locale\" content=\"en_GB\" \/>\n<meta property=\"og:type\" content=\"article\" \/>\n<meta property=\"og:title\" content=\"Kontakt - Viecha u Sedliaka\" \/>\n<meta property=\"og:description\" content=\"V pr\u00edpade ak\u00fdchko\u013evek ot\u00e1zok, n\u00e1metov \u010di pripomienok n\u00e1s nev\u00e1hajte kontaktova\u0165 na uvedenom telef\u00f3nnom \u010d\u00edsle alebo emailovej adrese. usedliaka@gmail.com 0915 215 855 Obchodn\u00e1 55, Bratislava U Sedliaka Obchodn\u00fd n\u00e1zov: ZANIA.SK I\u010cO: 45872856\" \/>\n<meta property=\"og:url\" content=\"https:\/\/usedliaka.sk\/en\/kontakt\/\" \/>\n<meta property=\"og:site_name\" content=\"Viecha u Sedliaka\" \/>\n<meta property=\"article:publisher\" content=\"https:\/\/www.facebook.com\/ViechauSedliaka\/\" \/>\n<meta property=\"article:modified_time\" content=\"2020-06-09T17:20:19+00:00\" \/>\n<meta name=\"twitter:card\" content=\"summary_large_image\" \/>\n<script type=\"application\/ld+json\" class=\"yoast-schema-graph\">{\"@context\":\"https:\\\/\\\/schema.org\",\"@graph\":[{\"@type\":\"WebPage\",\"@id\":\"https:\\\/\\\/usedliaka.sk\\\/kontakt\\\/\",\"url\":\"https:\\\/\\\/usedliaka.sk\\\/kontakt\\\/\",\"name\":\"Kontakt - Viecha u Sedliaka\",\"isPartOf\":{\"@id\":\"https:\\\/\\\/usedliaka.sk\\\/#website\"},\"datePublished\":\"2020-04-18T18:50:15+00:00\",\"dateModified\":\"2020-06-09T17:20:19+00:00\",\"breadcrumb\":{\"@id\":\"https:\\\/\\\/usedliaka.sk\\\/kontakt\\\/#breadcrumb\"},\"inLanguage\":\"en-GB\",\"potentialAction\":[{\"@type\":\"ReadAction\",\"target\":[\"https:\\\/\\\/usedliaka.sk\\\/kontakt\\\/\"]}]},{\"@type\":\"BreadcrumbList\",\"@id\":\"https:\\\/\\\/usedliaka.sk\\\/kontakt\\\/#breadcrumb\",\"itemListElement\":[{\"@type\":\"ListItem\",\"position\":1,\"name\":\"Home\",\"item\":\"https:\\\/\\\/usedliaka.sk\\\/\"},{\"@type\":\"ListItem\",\"position\":2,\"name\":\"Kontakt\"}]},{\"@type\":\"WebSite\",\"@id\":\"https:\\\/\\\/usedliaka.sk\\\/#website\",\"url\":\"https:\\\/\\\/usedliaka.sk\\\/\",\"name\":\"Viecha u Sedliaka\",\"description\":\"\",\"publisher\":{\"@id\":\"https:\\\/\\\/usedliaka.sk\\\/#organization\"},\"potentialAction\":[{\"@type\":\"SearchAction\",\"target\":{\"@type\":\"EntryPoint\",\"urlTemplate\":\"https:\\\/\\\/usedliaka.sk\\\/?s={search_term_string}\"},\"query-input\":{\"@type\":\"PropertyValueSpecification\",\"valueRequired\":true,\"valueName\":\"search_term_string\"}}],\"inLanguage\":\"en-GB\"},{\"@type\":\"Organization\",\"@id\":\"https:\\\/\\\/usedliaka.sk\\\/#organization\",\"name\":\"U Sedliaka\",\"url\":\"https:\\\/\\\/usedliaka.sk\\\/\",\"logo\":{\"@type\":\"ImageObject\",\"inLanguage\":\"en-GB\",\"@id\":\"https:\\\/\\\/usedliaka.sk\\\/#\\\/schema\\\/logo\\\/image\\\/\",\"url\":\"https:\\\/\\\/usedliaka.sk\\\/wp-content\\\/uploads\\\/2020\\\/04\\\/cropped-10_cmVzdGF1cmFudF9sb2dvLTA1-1.jpg\",\"contentUrl\":\"https:\\\/\\\/usedliaka.sk\\\/wp-content\\\/uploads\\\/2020\\\/04\\\/cropped-10_cmVzdGF1cmFudF9sb2dvLTA1-1.jpg\",\"width\":1753,\"height\":1752,\"caption\":\"U Sedliaka\"},\"image\":{\"@id\":\"https:\\\/\\\/usedliaka.sk\\\/#\\\/schema\\\/logo\\\/image\\\/\"},\"sameAs\":[\"https:\\\/\\\/www.facebook.com\\\/ViechauSedliaka\\\/\"]}]}<\/script>\n<!-- \/ Yoast SEO plugin. -->","yoast_head_json":{"title":"Kontakt - Viecha u Sedliaka","robots":{"index":"index","follow":"follow","max-snippet":"max-snippet:-1","max-image-preview":"max-image-preview:large","max-video-preview":"max-video-preview:-1"},"canonical":"https:\/\/usedliaka.sk\/en\/kontakt\/","og_locale":"en_GB","og_type":"article","og_title":"Kontakt - Viecha u Sedliaka","og_description":"V pr\u00edpade ak\u00fdchko\u013evek ot\u00e1zok, n\u00e1metov \u010di pripomienok n\u00e1s nev\u00e1hajte kontaktova\u0165 na uvedenom telef\u00f3nnom \u010d\u00edsle alebo emailovej adrese. usedliaka@gmail.com 0915 215 855 Obchodn\u00e1 55, Bratislava U Sedliaka Obchodn\u00fd n\u00e1zov: ZANIA.SK I\u010cO: 45872856","og_url":"https:\/\/usedliaka.sk\/en\/kontakt\/","og_site_name":"Viecha u Sedliaka","article_publisher":"https:\/\/www.facebook.com\/ViechauSedliaka\/","article_modified_time":"2020-06-09T17:20:19+00:00","twitter_card":"summary_large_image","schema":{"@context":"https:\/\/schema.org","@graph":[{"@type":"WebPage","@id":"https:\/\/usedliaka.sk\/kontakt\/","url":"https:\/\/usedliaka.sk\/kontakt\/","name":"Kontakt - Viecha u Sedliaka","isPartOf":{"@id":"https:\/\/usedliaka.sk\/#website"},"datePublished":"2020-04-18T18:50:15+00:00","dateModified":"2020-06-09T17:20:19+00:00","breadcrumb":{"@id":"https:\/\/usedliaka.sk\/kontakt\/#breadcrumb"},"inLanguage":"en-GB","potentialAction":[{"@type":"ReadAction","target":["https:\/\/usedliaka.sk\/kontakt\/"]}]},{"@type":"BreadcrumbList","@id":"https:\/\/usedliaka.sk\/kontakt\/#breadcrumb","itemListElement":[{"@type":"ListItem","position":1,"name":"Home","item":"https:\/\/usedliaka.sk\/"},{"@type":"ListItem","position":2,"name":"Kontakt"}]},{"@type":"WebSite","@id":"https:\/\/usedliaka.sk\/#website","url":"https:\/\/usedliaka.sk\/","name":"Viecha u Sedliaka","description":"","publisher":{"@id":"https:\/\/usedliaka.sk\/#organization"},"potentialAction":[{"@type":"SearchAction","target":{"@type":"EntryPoint","urlTemplate":"https:\/\/usedliaka.sk\/?s={search_term_string}"},"query-input":{"@type":"PropertyValueSpecification","valueRequired":true,"valueName":"search_term_string"}}],"inLanguage":"en-GB"},{"@type":"Organization","@id":"https:\/\/usedliaka.sk\/#organization","name":"U Sedliaka","url":"https:\/\/usedliaka.sk\/","logo":{"@type":"ImageObject","inLanguage":"en-GB","@id":"https:\/\/usedliaka.sk\/#\/schema\/logo\/image\/","url":"https:\/\/usedliaka.sk\/wp-content\/uploads\/2020\/04\/cropped-10_cmVzdGF1cmFudF9sb2dvLTA1-1.jpg","contentUrl":"https:\/\/usedliaka.sk\/wp-content\/uploads\/2020\/04\/cropped-10_cmVzdGF1cmFudF9sb2dvLTA1-1.jpg","width":1753,"height":1752,"caption":"U Sedliaka"},"image":{"@id":"https:\/\/usedliaka.sk\/#\/schema\/logo\/image\/"},"sameAs":["https:\/\/www.facebook.com\/ViechauSedliaka\/"]}]}},"_links":{"self":[{"href":"https:\/\/usedliaka.sk\/en\/wp-json\/wp\/v2\/pages\/36","targetHints":{"allow":["GET"]}}],"collection":[{"href":"https:\/\/usedliaka.sk\/en\/wp-json\/wp\/v2\/pages"}],"about":[{"href":"https:\/\/usedliaka.sk\/en\/wp-json\/wp\/v2\/types\/page"}],"author":[{"embeddable":true,"href":"https:\/\/usedliaka.sk\/en\/wp-json\/wp\/v2\/users\/1"}],"replies":[{"embeddable":true,"href":"https:\/\/usedliaka.sk\/en\/wp-json\/wp\/v2\/comments?post=36"}],"version-history":[{"count":17,"href":"https:\/\/usedliaka.sk\/en\/wp-json\/wp\/v2\/pages\/36\/revisions"}],"predecessor-version":[{"id":330,"href":"https:\/\/usedliaka.sk\/en\/wp-json\/wp\/v2\/pages\/36\/revisions\/330"}],"wp:attachment":[{"href":"https:\/\/usedliaka.sk\/en\/wp-json\/wp\/v2\/media?parent=36"}],"curies":[{"name":"wp","href":"https:\/\/api.w.org\/{rel}","templated":true}]}}