{"id":38,"date":"2020-04-18T20:50:40","date_gmt":"2020-04-18T18:50:40","guid":{"rendered":"http:\/\/localhost\/?page_id=38"},"modified":"2020-06-10T18:09:45","modified_gmt":"2020-06-10T16:09:45","slug":"o-vieche","status":"publish","type":"page","link":"https:\/\/usedliaka.sk\/en\/about-us\/","title":{"rendered":"About us"},"content":{"rendered":"<div class=\"wp-block-columns page-about-a is-layout-flex wp-container-core-columns-is-layout-9d6595d7 wp-block-columns-is-layout-flex\"><div class=\"wp-block-column col-a is-layout-flow wp-block-column-is-layout-flow\"><h2 class=\"wp-block-heading\">Viecha u Sedliaka<\/h2>\n\n<p>Welcome to one of the Bratislava's oldest ale-houses.<\/p>\n\n<p>&nbsp;&nbsp;&nbsp;&nbsp;&nbsp;&nbsp; The vineyard house was built at the end of the 19th century on the then Sch\u00f6ndorfsk\u00e1 street, inhabited mainly by winegrowers. \"Viecha\" law allowed them to sell and serve wine and small snacks under the \"viecha\" - green halos on a wooden stick above the gate.<\/p>\n\n<p>&nbsp;&nbsp;&nbsp;&nbsp;&nbsp;&nbsp; This building was bought in 1952 by the Vinorod wine-growing cooperative (later JRD Bratislava, now PD Bratislava) and in 1956 it opened its first ale-house. It was named \"U sedliaka\" [Peasant's]. The initial modest food offer was expanded to meat specialties from our own butchery.<\/p>\n\n<p>&nbsp;&nbsp;&nbsp;&nbsp;&nbsp;&nbsp; Today's range of dishes continues the tradition and history of this building. We serve Slovak dishes, meat specialties and our fabled roasted ducks. You can wash away traditional delicacies with excellent cask grape or currant wine or draft beer.<\/p>\n\n<p>&nbsp;&nbsp;&nbsp;&nbsp;&nbsp;&nbsp; Te\u0161\u00edme sa na v\u00e1s.<\/p><\/div>\n\n<div class=\"wp-block-column col-b is-layout-flow wp-block-column-is-layout-flow\"><figure class=\"wp-block-image size-large\"><img loading=\"lazy\" decoding=\"async\" width=\"900\" height=\"752\" src=\"https:\/\/usedliaka.sk\/wp-content\/uploads\/2020\/06\/Viecha-3.jpg\" alt=\"Viecha u Sedliaka\" class=\"wp-image-327\" srcset=\"https:\/\/usedliaka.sk\/wp-content\/uploads\/2020\/06\/Viecha-3.jpg 900w, https:\/\/usedliaka.sk\/wp-content\/uploads\/2020\/06\/Viecha-3-300x251.jpg 300w, https:\/\/usedliaka.sk\/wp-content\/uploads\/2020\/06\/Viecha-3-768x642.jpg 768w\" sizes=\"auto, (max-width: 900px) 100vw, 900px\" \/><\/figure><\/div><\/div>","protected":false},"excerpt":{"rendered":"<p>Viecha u Sedliaka Vitajte v jednej z najstar\u0161\u00edch bratislavsk\u00fdch vin\u00e1rn\u00ed. &nbsp;&nbsp;&nbsp;&nbsp;&nbsp;&nbsp; Vinohradn\u00edcky dom bol postaven\u00fd koncom 19.-teho storo\u010dia na vtedaj\u0161ej Sch\u00f6ndorfskej ulici ob\u00fdvanej preva\u017ene vinohradn\u00edkmi. &#8222;Viechov\u00e9&#8220; pr\u00e1vo im umo\u017e\u0148ovalo pred\u00e1va\u0165 a pod\u00e1va\u0165 v\u00ednko a aj drobn\u00e9 ob\u010derstvenie pod viechou &#8211; zelen\u00fdmi haluzami na drevenej ty\u010di nad br\u00e1nou. &nbsp;&nbsp;&nbsp;&nbsp;&nbsp;&nbsp; T\u00fato budovu k\u00fapilo v roku 1952 vinohradn\u00edcke [&hellip;]<\/p>","protected":false},"author":1,"featured_media":0,"parent":0,"menu_order":0,"comment_status":"closed","ping_status":"closed","template":"","meta":{"footnotes":""},"class_list":["post-38","page","type-page","status-publish","hentry"],"yoast_head":"<!-- This site is optimized with the Yoast SEO plugin v27.4 - https:\/\/yoast.com\/product\/yoast-seo-wordpress\/ -->\n<title>O Vieche - Viecha u Sedliaka<\/title>\n<meta name=\"description\" content=\"Vinohradn\u00edcky dom bol postaven\u00fd koncom 19.-teho storo\u010dia na vtedaj\u0161ej Sch\u00f6ndorfskej ulici ob\u00fdvanej preva\u017ene vinohradn\u00edkmi. \u201eViechov\u00e9\u201c pr\u00e1vo im umo\u017e\u0148ovalo...\" \/>\n<meta name=\"robots\" content=\"index, follow, max-snippet:-1, max-image-preview:large, max-video-preview:-1\" \/>\n<link rel=\"canonical\" href=\"https:\/\/usedliaka.sk\/en\/o-vieche\/\" \/>\n<meta property=\"og:locale\" content=\"en_GB\" \/>\n<meta property=\"og:type\" content=\"article\" \/>\n<meta property=\"og:title\" content=\"O Vieche - Viecha u Sedliaka\" \/>\n<meta property=\"og:description\" content=\"Vinohradn\u00edcky dom bol postaven\u00fd koncom 19.-teho storo\u010dia na vtedaj\u0161ej Sch\u00f6ndorfskej ulici ob\u00fdvanej preva\u017ene vinohradn\u00edkmi. \u201eViechov\u00e9\u201c pr\u00e1vo im umo\u017e\u0148ovalo...\" \/>\n<meta property=\"og:url\" content=\"https:\/\/usedliaka.sk\/en\/o-vieche\/\" \/>\n<meta property=\"og:site_name\" content=\"Viecha u Sedliaka\" \/>\n<meta property=\"article:publisher\" content=\"https:\/\/www.facebook.com\/ViechauSedliaka\/\" \/>\n<meta property=\"article:modified_time\" content=\"2020-06-10T16:09:45+00:00\" \/>\n<meta property=\"og:image\" content=\"https:\/\/usedliaka.sk\/wp-content\/uploads\/2020\/06\/Viecha-3.jpg\" \/>\n<meta name=\"twitter:card\" content=\"summary_large_image\" \/>\n<meta name=\"twitter:label1\" content=\"Estimated reading time\" \/>\n\t<meta name=\"twitter:data1\" content=\"1 minute\" \/>\n<script type=\"application\/ld+json\" class=\"yoast-schema-graph\">{\"@context\":\"https:\\\/\\\/schema.org\",\"@graph\":[{\"@type\":\"WebPage\",\"@id\":\"https:\\\/\\\/usedliaka.sk\\\/o-vieche\\\/\",\"url\":\"https:\\\/\\\/usedliaka.sk\\\/o-vieche\\\/\",\"name\":\"O Vieche - Viecha u Sedliaka\",\"isPartOf\":{\"@id\":\"https:\\\/\\\/usedliaka.sk\\\/#website\"},\"primaryImageOfPage\":{\"@id\":\"https:\\\/\\\/usedliaka.sk\\\/o-vieche\\\/#primaryimage\"},\"image\":{\"@id\":\"https:\\\/\\\/usedliaka.sk\\\/o-vieche\\\/#primaryimage\"},\"thumbnailUrl\":\"https:\\\/\\\/usedliaka.sk\\\/wp-content\\\/uploads\\\/2020\\\/06\\\/Viecha-3.jpg\",\"datePublished\":\"2020-04-18T18:50:40+00:00\",\"dateModified\":\"2020-06-10T16:09:45+00:00\",\"description\":\"Vinohradn\u00edcky dom bol postaven\u00fd koncom 19.-teho storo\u010dia na vtedaj\u0161ej Sch\u00f6ndorfskej ulici ob\u00fdvanej preva\u017ene vinohradn\u00edkmi. \u201eViechov\u00e9\u201c pr\u00e1vo im umo\u017e\u0148ovalo...\",\"breadcrumb\":{\"@id\":\"https:\\\/\\\/usedliaka.sk\\\/o-vieche\\\/#breadcrumb\"},\"inLanguage\":\"en-GB\",\"potentialAction\":[{\"@type\":\"ReadAction\",\"target\":[\"https:\\\/\\\/usedliaka.sk\\\/o-vieche\\\/\"]}]},{\"@type\":\"ImageObject\",\"inLanguage\":\"en-GB\",\"@id\":\"https:\\\/\\\/usedliaka.sk\\\/o-vieche\\\/#primaryimage\",\"url\":\"https:\\\/\\\/usedliaka.sk\\\/wp-content\\\/uploads\\\/2020\\\/06\\\/Viecha-3.jpg\",\"contentUrl\":\"https:\\\/\\\/usedliaka.sk\\\/wp-content\\\/uploads\\\/2020\\\/06\\\/Viecha-3.jpg\"},{\"@type\":\"BreadcrumbList\",\"@id\":\"https:\\\/\\\/usedliaka.sk\\\/o-vieche\\\/#breadcrumb\",\"itemListElement\":[{\"@type\":\"ListItem\",\"position\":1,\"name\":\"Home\",\"item\":\"https:\\\/\\\/usedliaka.sk\\\/\"},{\"@type\":\"ListItem\",\"position\":2,\"name\":\"O Vieche\"}]},{\"@type\":\"WebSite\",\"@id\":\"https:\\\/\\\/usedliaka.sk\\\/#website\",\"url\":\"https:\\\/\\\/usedliaka.sk\\\/\",\"name\":\"Viecha u Sedliaka\",\"description\":\"\",\"publisher\":{\"@id\":\"https:\\\/\\\/usedliaka.sk\\\/#organization\"},\"potentialAction\":[{\"@type\":\"SearchAction\",\"target\":{\"@type\":\"EntryPoint\",\"urlTemplate\":\"https:\\\/\\\/usedliaka.sk\\\/?s={search_term_string}\"},\"query-input\":{\"@type\":\"PropertyValueSpecification\",\"valueRequired\":true,\"valueName\":\"search_term_string\"}}],\"inLanguage\":\"en-GB\"},{\"@type\":\"Organization\",\"@id\":\"https:\\\/\\\/usedliaka.sk\\\/#organization\",\"name\":\"U Sedliaka\",\"url\":\"https:\\\/\\\/usedliaka.sk\\\/\",\"logo\":{\"@type\":\"ImageObject\",\"inLanguage\":\"en-GB\",\"@id\":\"https:\\\/\\\/usedliaka.sk\\\/#\\\/schema\\\/logo\\\/image\\\/\",\"url\":\"https:\\\/\\\/usedliaka.sk\\\/wp-content\\\/uploads\\\/2020\\\/04\\\/cropped-10_cmVzdGF1cmFudF9sb2dvLTA1-1.jpg\",\"contentUrl\":\"https:\\\/\\\/usedliaka.sk\\\/wp-content\\\/uploads\\\/2020\\\/04\\\/cropped-10_cmVzdGF1cmFudF9sb2dvLTA1-1.jpg\",\"width\":1753,\"height\":1752,\"caption\":\"U Sedliaka\"},\"image\":{\"@id\":\"https:\\\/\\\/usedliaka.sk\\\/#\\\/schema\\\/logo\\\/image\\\/\"},\"sameAs\":[\"https:\\\/\\\/www.facebook.com\\\/ViechauSedliaka\\\/\"]}]}<\/script>\n<!-- \/ Yoast SEO plugin. -->","yoast_head_json":{"title":"O Vieche - Viecha u Sedliaka","description":"Vinohradn\u00edcky dom bol postaven\u00fd koncom 19.-teho storo\u010dia na vtedaj\u0161ej Sch\u00f6ndorfskej ulici ob\u00fdvanej preva\u017ene vinohradn\u00edkmi. \u201eViechov\u00e9\u201c pr\u00e1vo im umo\u017e\u0148ovalo...","robots":{"index":"index","follow":"follow","max-snippet":"max-snippet:-1","max-image-preview":"max-image-preview:large","max-video-preview":"max-video-preview:-1"},"canonical":"https:\/\/usedliaka.sk\/en\/o-vieche\/","og_locale":"en_GB","og_type":"article","og_title":"O Vieche - Viecha u Sedliaka","og_description":"Vinohradn\u00edcky dom bol postaven\u00fd koncom 19.-teho storo\u010dia na vtedaj\u0161ej Sch\u00f6ndorfskej ulici ob\u00fdvanej preva\u017ene vinohradn\u00edkmi. \u201eViechov\u00e9\u201c pr\u00e1vo im umo\u017e\u0148ovalo...","og_url":"https:\/\/usedliaka.sk\/en\/o-vieche\/","og_site_name":"Viecha u Sedliaka","article_publisher":"https:\/\/www.facebook.com\/ViechauSedliaka\/","article_modified_time":"2020-06-10T16:09:45+00:00","og_image":[{"url":"https:\/\/usedliaka.sk\/wp-content\/uploads\/2020\/06\/Viecha-3.jpg","type":"","width":"","height":""}],"twitter_card":"summary_large_image","twitter_misc":{"Estimated reading time":"1 minute"},"schema":{"@context":"https:\/\/schema.org","@graph":[{"@type":"WebPage","@id":"https:\/\/usedliaka.sk\/o-vieche\/","url":"https:\/\/usedliaka.sk\/o-vieche\/","name":"O Vieche - Viecha u Sedliaka","isPartOf":{"@id":"https:\/\/usedliaka.sk\/#website"},"primaryImageOfPage":{"@id":"https:\/\/usedliaka.sk\/o-vieche\/#primaryimage"},"image":{"@id":"https:\/\/usedliaka.sk\/o-vieche\/#primaryimage"},"thumbnailUrl":"https:\/\/usedliaka.sk\/wp-content\/uploads\/2020\/06\/Viecha-3.jpg","datePublished":"2020-04-18T18:50:40+00:00","dateModified":"2020-06-10T16:09:45+00:00","description":"Vinohradn\u00edcky dom bol postaven\u00fd koncom 19.-teho storo\u010dia na vtedaj\u0161ej Sch\u00f6ndorfskej ulici ob\u00fdvanej preva\u017ene vinohradn\u00edkmi. \u201eViechov\u00e9\u201c pr\u00e1vo im umo\u017e\u0148ovalo...","breadcrumb":{"@id":"https:\/\/usedliaka.sk\/o-vieche\/#breadcrumb"},"inLanguage":"en-GB","potentialAction":[{"@type":"ReadAction","target":["https:\/\/usedliaka.sk\/o-vieche\/"]}]},{"@type":"ImageObject","inLanguage":"en-GB","@id":"https:\/\/usedliaka.sk\/o-vieche\/#primaryimage","url":"https:\/\/usedliaka.sk\/wp-content\/uploads\/2020\/06\/Viecha-3.jpg","contentUrl":"https:\/\/usedliaka.sk\/wp-content\/uploads\/2020\/06\/Viecha-3.jpg"},{"@type":"BreadcrumbList","@id":"https:\/\/usedliaka.sk\/o-vieche\/#breadcrumb","itemListElement":[{"@type":"ListItem","position":1,"name":"Home","item":"https:\/\/usedliaka.sk\/"},{"@type":"ListItem","position":2,"name":"O Vieche"}]},{"@type":"WebSite","@id":"https:\/\/usedliaka.sk\/#website","url":"https:\/\/usedliaka.sk\/","name":"Viecha u Sedliaka","description":"","publisher":{"@id":"https:\/\/usedliaka.sk\/#organization"},"potentialAction":[{"@type":"SearchAction","target":{"@type":"EntryPoint","urlTemplate":"https:\/\/usedliaka.sk\/?s={search_term_string}"},"query-input":{"@type":"PropertyValueSpecification","valueRequired":true,"valueName":"search_term_string"}}],"inLanguage":"en-GB"},{"@type":"Organization","@id":"https:\/\/usedliaka.sk\/#organization","name":"U Sedliaka","url":"https:\/\/usedliaka.sk\/","logo":{"@type":"ImageObject","inLanguage":"en-GB","@id":"https:\/\/usedliaka.sk\/#\/schema\/logo\/image\/","url":"https:\/\/usedliaka.sk\/wp-content\/uploads\/2020\/04\/cropped-10_cmVzdGF1cmFudF9sb2dvLTA1-1.jpg","contentUrl":"https:\/\/usedliaka.sk\/wp-content\/uploads\/2020\/04\/cropped-10_cmVzdGF1cmFudF9sb2dvLTA1-1.jpg","width":1753,"height":1752,"caption":"U Sedliaka"},"image":{"@id":"https:\/\/usedliaka.sk\/#\/schema\/logo\/image\/"},"sameAs":["https:\/\/www.facebook.com\/ViechauSedliaka\/"]}]}},"_links":{"self":[{"href":"https:\/\/usedliaka.sk\/en\/wp-json\/wp\/v2\/pages\/38","targetHints":{"allow":["GET"]}}],"collection":[{"href":"https:\/\/usedliaka.sk\/en\/wp-json\/wp\/v2\/pages"}],"about":[{"href":"https:\/\/usedliaka.sk\/en\/wp-json\/wp\/v2\/types\/page"}],"author":[{"embeddable":true,"href":"https:\/\/usedliaka.sk\/en\/wp-json\/wp\/v2\/users\/1"}],"replies":[{"embeddable":true,"href":"https:\/\/usedliaka.sk\/en\/wp-json\/wp\/v2\/comments?post=38"}],"version-history":[{"count":10,"href":"https:\/\/usedliaka.sk\/en\/wp-json\/wp\/v2\/pages\/38\/revisions"}],"predecessor-version":[{"id":328,"href":"https:\/\/usedliaka.sk\/en\/wp-json\/wp\/v2\/pages\/38\/revisions\/328"}],"wp:attachment":[{"href":"https:\/\/usedliaka.sk\/en\/wp-json\/wp\/v2\/media?parent=38"}],"curies":[{"name":"wp","href":"https:\/\/api.w.org\/{rel}","templated":true}]}}